{"id":10,"date":"2024-08-12T13:18:51","date_gmt":"2024-08-12T11:18:51","guid":{"rendered":"https:\/\/nheomarketingdigital.com\/?page_id=10"},"modified":"2024-09-19T16:42:33","modified_gmt":"2024-09-19T14:42:33","slug":"accueil","status":"publish","type":"page","link":"https:\/\/nheomarketingdigital.com\/","title":{"rendered":"Accueil"},"content":{"rendered":"\t\t<div data-elementor-type=\"wp-page\" data-elementor-id=\"10\" class=\"elementor elementor-10\" data-elementor-post-type=\"page\">\n\t\t\t\t<div class=\"elementor-element elementor-element-d65d6a6 e-flex e-con-boxed e-con e-parent\" data-id=\"d65d6a6\" data-element_type=\"container\">\n\t\t\t\t\t<div class=\"e-con-inner\">\n\t\t\t\t<div class=\"elementor-element elementor-element-4a01614 elementor-invisible elementor-widget elementor-widget-heading\" data-id=\"4a01614\" data-element_type=\"widget\" data-settings=\"{&quot;_animation&quot;:&quot;rubberBand&quot;}\" data-widget_type=\"heading.default\">\n\t\t\t\t<div class=\"elementor-widget-container\">\n\t\t\t<h2 class=\"elementor-heading-title elementor-size-default\">Nheo Marketing Digital - Votre Partenaire en Social Media Management et  compagnie <\/h2>\t\t<\/div>\n\t\t\t\t<\/div>\n\t\t\t\t\t<\/div>\n\t\t\t\t<\/div>\n\t\t<div class=\"elementor-element elementor-element-07dbf37 e-flex e-con-boxed e-con e-parent\" data-id=\"07dbf37\" data-element_type=\"container\">\n\t\t\t\t\t<div class=\"e-con-inner\">\n\t\t<div class=\"elementor-element elementor-element-e47d972 e-con-full e-flex e-con e-child\" data-id=\"e47d972\" data-element_type=\"container\">\n\t\t\t\t<div class=\"elementor-element elementor-element-8cfd735 elementor-widget elementor-widget-image\" data-id=\"8cfd735\" data-element_type=\"widget\" data-widget_type=\"image.default\">\n\t\t\t\t<div class=\"elementor-widget-container\">\n\t\t\t\t\t\t\t\t\t\t\t\t\t<img fetchpriority=\"high\" decoding=\"async\" width=\"600\" height=\"796\" src=\"https:\/\/nheomarketingdigital.com\/wp-content\/uploads\/2024\/08\/My-img8bit-com-Effect.gif\" class=\"attachment-medium_large size-medium_large wp-image-78\" alt=\"\" \/>\t\t\t\t\t\t\t\t\t\t\t\t\t<\/div>\n\t\t\t\t<\/div>\n\t\t\t\t<\/div>\n\t\t<div class=\"elementor-element elementor-element-027145c e-con-full e-flex e-con e-child\" data-id=\"027145c\" data-element_type=\"container\">\n\t\t\t\t<div class=\"elementor-element elementor-element-69ffbc4 elementor-widget elementor-widget-text-editor\" data-id=\"69ffbc4\" data-element_type=\"widget\" data-widget_type=\"text-editor.default\">\n\t\t\t\t<div class=\"elementor-widget-container\">\n\t\t\t\t\t\t\t<p>Boostez Votre Pr\u00e9sence en Ligne et Transformez Vos Prospects en Clients!!!<\/p>\t\t\t\t\t\t<\/div>\n\t\t\t\t<\/div>\n\t\t\t\t<\/div>\n\t\t\t\t\t<\/div>\n\t\t\t\t<\/div>\n\t\t<div class=\"elementor-element elementor-element-992a8eb e-flex e-con-boxed e-con e-parent\" data-id=\"992a8eb\" data-element_type=\"container\">\n\t\t\t\t\t<div class=\"e-con-inner\">\n\t\t<div class=\"elementor-element elementor-element-45b39b8 e-con-full e-flex e-con e-child\" data-id=\"45b39b8\" data-element_type=\"container\">\n\t\t\t\t<div class=\"elementor-element elementor-element-9a7d397 elementor-widget elementor-widget-heading\" data-id=\"9a7d397\" data-element_type=\"widget\" data-widget_type=\"heading.default\">\n\t\t\t\t<div class=\"elementor-widget-container\">\n\t\t\t<h2 class=\"elementor-heading-title elementor-size-default\">Social Media Management<\/h2>\t\t<\/div>\n\t\t\t\t<\/div>\n\t\t\t\t<div class=\"elementor-element elementor-element-67b3042 elementor-widget elementor-widget-text-editor\" data-id=\"67b3042\" data-element_type=\"widget\" data-widget_type=\"text-editor.default\">\n\t\t\t\t<div class=\"elementor-widget-container\">\n\t\t\t\t\t\t\t<p>Gestion des r\u00e9seaux sociaux, cr\u00e9ation de contenu, planification strat\u00e9gique, et gestion des communaut\u00e9s.<\/p>\t\t\t\t\t\t<\/div>\n\t\t\t\t<\/div>\n\t\t\t\t<div class=\"elementor-element elementor-element-8fbff7a elementor-align-center elementor-invisible elementor-widget elementor-widget-button\" data-id=\"8fbff7a\" data-element_type=\"widget\" data-settings=\"{&quot;_animation&quot;:&quot;lightSpeedIn&quot;}\" data-widget_type=\"button.default\">\n\t\t\t\t<div class=\"elementor-widget-container\">\n\t\t\t\t\t<div class=\"elementor-button-wrapper\">\n\t\t\t<a class=\"elementor-button elementor-button-link elementor-size-sm\" href=\"https:\/\/nheomarketingdigital.com\/index.php\/social-media-management-devis\/\">\n\t\t\t\t\t\t<span class=\"elementor-button-content-wrapper\">\n\t\t\t\t\t\t\t\t\t<span class=\"elementor-button-text\">Obtenez Votre Audit Gratuit<\/span>\n\t\t\t\t\t<\/span>\n\t\t\t\t\t<\/a>\n\t\t<\/div>\n\t\t\t\t<\/div>\n\t\t\t\t<\/div>\n\t\t\t\t<\/div>\n\t\t<div class=\"elementor-element elementor-element-03b1b7b e-con-full e-flex e-con e-child\" data-id=\"03b1b7b\" data-element_type=\"container\">\n\t\t\t\t<div class=\"elementor-element elementor-element-9044579 elementor-invisible elementor-widget elementor-widget-text-editor\" data-id=\"9044579\" data-element_type=\"widget\" data-settings=\"{&quot;_animation&quot;:&quot;lightSpeedIn&quot;}\" data-widget_type=\"text-editor.default\">\n\t\t\t\t<div class=\"elementor-widget-container\">\n\t\t\t\t\t\t\t<p>le<strong> social media management<\/strong> est le processus de cr\u00e9ation, de gestion et de suivi des contenus sur les r\u00e9seaux sociaux pour promouvoir une marque ou une entreprise. Les services de social media management incluent la planification de strat\u00e9gies, la publication de contenus, l&rsquo;interaction avec les followers et l&rsquo;analyse des performances. Ce terme est crucial pour toute entreprise souhaitant optimiser sa pr\u00e9sence en ligne.<\/p>\t\t\t\t\t\t<\/div>\n\t\t\t\t<\/div>\n\t\t\t\t<\/div>\n\t\t\t\t\t<\/div>\n\t\t\t\t<\/div>\n\t\t<div class=\"elementor-element elementor-element-30a4323 e-flex e-con-boxed e-con e-parent\" data-id=\"30a4323\" data-element_type=\"container\">\n\t\t\t\t\t<div class=\"e-con-inner\">\n\t\t<div class=\"elementor-element elementor-element-2a731f3 e-con-full e-flex e-con e-child\" data-id=\"2a731f3\" data-element_type=\"container\">\n\t\t\t\t<div class=\"elementor-element elementor-element-e3fc865 elementor-widget elementor-widget-text-editor\" data-id=\"e3fc865\" data-element_type=\"widget\" data-widget_type=\"text-editor.default\">\n\t\t\t\t<div class=\"elementor-widget-container\">\n\t\t\t\t\t\t\t<p>Le closing commercial d\u00e9signe l&rsquo;ensemble des techniques et des strat\u00e9gies utilis\u00e9es pour conclure une vente ou un accord. Cela inclut la persuasion, la gestion des objections, et l&rsquo;utilisation d&rsquo;arguments convaincants pour transformer un prospect en client. Ce terme est particuli\u00e8rement pertinent pour les entrepreneurs cherchant \u00e0 am\u00e9liorer leurs comp\u00e9tences en vente.<\/p>\t\t\t\t\t\t<\/div>\n\t\t\t\t<\/div>\n\t\t\t\t<\/div>\n\t\t<div class=\"elementor-element elementor-element-718700d e-con-full e-flex e-con e-child\" data-id=\"718700d\" data-element_type=\"container\">\n\t\t\t\t<div class=\"elementor-element elementor-element-2ce7353 elementor-widget elementor-widget-heading\" data-id=\"2ce7353\" data-element_type=\"widget\" data-widget_type=\"heading.default\">\n\t\t\t\t<div class=\"elementor-widget-container\">\n\t\t\t<h2 class=\"elementor-heading-title elementor-size-default\">Closing Commercial<\/h2>\t\t<\/div>\n\t\t\t\t<\/div>\n\t\t\t\t<div class=\"elementor-element elementor-element-027b500 elementor-widget elementor-widget-text-editor\" data-id=\"027b500\" data-element_type=\"widget\" data-widget_type=\"text-editor.default\">\n\t\t\t\t<div class=\"elementor-widget-container\">\n\t\t\t\t\t\t\t<p>Strat\u00e9gies de closing, gestion des prospects, optimisation des conversions , closer \u00e0 votre disposition.<\/p>\t\t\t\t\t\t<\/div>\n\t\t\t\t<\/div>\n\t\t\t\t<div class=\"elementor-element elementor-element-cfffd33 elementor-align-center elementor-invisible elementor-widget elementor-widget-button\" data-id=\"cfffd33\" data-element_type=\"widget\" data-settings=\"{&quot;_animation&quot;:&quot;lightSpeedIn&quot;}\" data-widget_type=\"button.default\">\n\t\t\t\t<div class=\"elementor-widget-container\">\n\t\t\t\t\t<div class=\"elementor-button-wrapper\">\n\t\t\t<a class=\"elementor-button elementor-button-link elementor-size-sm\" href=\"https:\/\/nheomarketingdigital.com\/index.php\/devis-closing-commercial\/\">\n\t\t\t\t\t\t<span class=\"elementor-button-content-wrapper\">\n\t\t\t\t\t\t\t\t\t<span class=\"elementor-button-text\">OBTENEZ VOTRE AUDIT GRATUIT<\/span>\n\t\t\t\t\t<\/span>\n\t\t\t\t\t<\/a>\n\t\t<\/div>\n\t\t\t\t<\/div>\n\t\t\t\t<\/div>\n\t\t\t\t<\/div>\n\t\t\t\t\t<\/div>\n\t\t\t\t<\/div>\n\t\t<div class=\"elementor-element elementor-element-4199e65 e-flex e-con-boxed e-con e-parent\" data-id=\"4199e65\" data-element_type=\"container\">\n\t\t\t\t\t<div class=\"e-con-inner\">\n\t\t<div class=\"elementor-element elementor-element-4f7e689 e-con-full e-flex e-con e-child\" data-id=\"4f7e689\" data-element_type=\"container\">\n\t\t\t\t<div class=\"elementor-element elementor-element-66f5966 elementor-widget elementor-widget-heading\" data-id=\"66f5966\" data-element_type=\"widget\" data-widget_type=\"heading.default\">\n\t\t\t\t<div class=\"elementor-widget-container\">\n\t\t\t<h2 class=\"elementor-heading-title elementor-size-default\">Logo de marque <\/h2>\t\t<\/div>\n\t\t\t\t<\/div>\n\t\t\t\t<div class=\"elementor-element elementor-element-d3121bb elementor-widget elementor-widget-text-editor\" data-id=\"d3121bb\" data-element_type=\"widget\" data-widget_type=\"text-editor.default\">\n\t\t\t\t<div class=\"elementor-widget-container\">\n\t\t\t\t\t\t\t<p>outils de cr\u00e9ation de logo professionnelle , toute variante possible , \u00e9ditez votre propre logo ou laisse nous le faire pour vous apr\u00e8s un audit gratuit\u00a0\u00a0<\/p>\t\t\t\t\t\t<\/div>\n\t\t\t\t<\/div>\n\t\t\t\t<div class=\"elementor-element elementor-element-029cf78 elementor-align-center elementor-invisible elementor-widget elementor-widget-button\" data-id=\"029cf78\" data-element_type=\"widget\" data-settings=\"{&quot;_animation&quot;:&quot;rubberBand&quot;}\" data-widget_type=\"button.default\">\n\t\t\t\t<div class=\"elementor-widget-container\">\n\t\t\t\t\t<div class=\"elementor-button-wrapper\">\n\t\t\t<a class=\"elementor-button elementor-button-link elementor-size-sm\" href=\"https:\/\/go.fiverr.com\/visit\/?bta=1042161&#038;brand=logomaker\">\n\t\t\t\t\t\t<span class=\"elementor-button-content-wrapper\">\n\t\t\t\t\t\t\t\t\t<span class=\"elementor-button-text\">cr\u00e9er  v\u00f4tre propre Logo<\/span>\n\t\t\t\t\t<\/span>\n\t\t\t\t\t<\/a>\n\t\t<\/div>\n\t\t\t\t<\/div>\n\t\t\t\t<\/div>\n\t\t\t\t<\/div>\n\t\t<div class=\"elementor-element elementor-element-f4a76df e-con-full e-flex e-con e-child\" data-id=\"f4a76df\" data-element_type=\"container\">\n\t\t\t\t<div class=\"elementor-element elementor-element-dd7d27e elementor-invisible elementor-widget elementor-widget-text-editor\" data-id=\"dd7d27e\" data-element_type=\"widget\" data-settings=\"{&quot;_animation&quot;:&quot;fadeInUp&quot;}\" data-widget_type=\"text-editor.default\">\n\t\t\t\t<div class=\"elementor-widget-container\">\n\t\t\t\t\t\t\t<p>Un bon logo de marque est essentiel car il constitue la premi\u00e8re impression visuelle qu&rsquo;une entreprise donne \u00e0 ses clients. Il incarne l&rsquo;identit\u00e9 de la marque et permet de la rendre imm\u00e9diatement reconnaissable, tout en renfor\u00e7ant sa cr\u00e9dibilit\u00e9 et sa fiabilit\u00e9. Un logo efficace transmet les valeurs et la mission de l&rsquo;entreprise de mani\u00e8re visuelle et m\u00e9morable. Enfin, il joue un r\u00f4le cl\u00e9 dans la diff\u00e9renciation par rapport \u00e0 la concurrence, favorisant la fid\u00e9lit\u00e9 et l&rsquo;engagement des consommateurs.<\/p>\t\t\t\t\t\t<\/div>\n\t\t\t\t<\/div>\n\t\t\t\t<div class=\"elementor-element elementor-element-002c5cb elementor-align-center elementor-invisible elementor-widget elementor-widget-button\" data-id=\"002c5cb\" data-element_type=\"widget\" data-settings=\"{&quot;_animation&quot;:&quot;fadeInUp&quot;}\" data-widget_type=\"button.default\">\n\t\t\t\t<div class=\"elementor-widget-container\">\n\t\t\t\t\t<div class=\"elementor-button-wrapper\">\n\t\t\t<a class=\"elementor-button elementor-button-link elementor-size-sm\" href=\"https:\/\/nheomarketingdigital.com\/index.php\/devis-logo\/\">\n\t\t\t\t\t\t<span class=\"elementor-button-content-wrapper\">\n\t\t\t\t\t\t\t\t\t<span class=\"elementor-button-text\">OBTENEZ VOTRE AUDIT GRATUIT<\/span>\n\t\t\t\t\t<\/span>\n\t\t\t\t\t<\/a>\n\t\t<\/div>\n\t\t\t\t<\/div>\n\t\t\t\t<\/div>\n\t\t\t\t<\/div>\n\t\t\t\t\t<\/div>\n\t\t\t\t<\/div>\n\t\t<div class=\"elementor-element elementor-element-a6740f4 e-flex e-con-boxed e-con e-parent\" data-id=\"a6740f4\" data-element_type=\"container\">\n\t\t\t\t\t<div class=\"e-con-inner\">\n\t\t<div class=\"elementor-element elementor-element-91b0deb e-con-full e-flex e-con e-child\" data-id=\"91b0deb\" data-element_type=\"container\">\n\t\t\t\t<div class=\"elementor-element elementor-element-18dd1ec elementor-widget elementor-widget-heading\" data-id=\"18dd1ec\" data-element_type=\"widget\" data-widget_type=\"heading.default\">\n\t\t\t\t<div class=\"elementor-widget-container\">\n\t\t\t<h2 class=\"elementor-heading-title elementor-size-default\">Montage vid\u00e9o<\/h2>\t\t<\/div>\n\t\t\t\t<\/div>\n\t\t\t\t<div class=\"elementor-element elementor-element-c8b93c4 elementor-widget elementor-widget-text-editor\" data-id=\"c8b93c4\" data-element_type=\"widget\" data-widget_type=\"text-editor.default\">\n\t\t\t\t<div class=\"elementor-widget-container\">\n\t\t\t\t\t\t\t<p>Besoin d&rsquo;un monteur vid\u00e9o ? NheomarketingDigital est l\u00e0 pour vos publicit\u00e9 , reel , short et m\u00eame video youtube !<\/p>\t\t\t\t\t\t<\/div>\n\t\t\t\t<\/div>\n\t\t\t\t<div class=\"elementor-element elementor-element-b8bee3a elementor-align-center elementor-invisible elementor-widget elementor-widget-button\" data-id=\"b8bee3a\" data-element_type=\"widget\" data-settings=\"{&quot;_animation&quot;:&quot;fadeInLeft&quot;}\" data-widget_type=\"button.default\">\n\t\t\t\t<div class=\"elementor-widget-container\">\n\t\t\t\t\t<div class=\"elementor-button-wrapper\">\n\t\t\t<a class=\"elementor-button elementor-button-link elementor-size-sm\" href=\"https:\/\/nheomarketingdigital.com\/index.php\/devis-montage-video\/\">\n\t\t\t\t\t\t<span class=\"elementor-button-content-wrapper\">\n\t\t\t\t\t\t\t\t\t<span class=\"elementor-button-text\">Obtenez votre audit gratuit <\/span>\n\t\t\t\t\t<\/span>\n\t\t\t\t\t<\/a>\n\t\t<\/div>\n\t\t\t\t<\/div>\n\t\t\t\t<\/div>\n\t\t\t\t<\/div>\n\t\t<div class=\"elementor-element elementor-element-d07cf9c e-con-full e-flex e-con e-child\" data-id=\"d07cf9c\" data-element_type=\"container\">\n\t\t\t\t<div class=\"elementor-element elementor-element-002943f elementor-invisible elementor-widget elementor-widget-text-editor\" data-id=\"002943f\" data-element_type=\"widget\" data-settings=\"{&quot;_animation&quot;:&quot;fadeInRight&quot;}\" data-widget_type=\"text-editor.default\">\n\t\t\t\t<div class=\"elementor-widget-container\">\n\t\t\t\t\t\t\t<p>Le montage vid\u00e9o est le processus d&rsquo;assemblage et de modification de s\u00e9quences vid\u00e9o pour cr\u00e9er une production finale coh\u00e9rente. Il implique la s\u00e9lection, le d\u00e9coupage, et l&rsquo;organisation des plans, l&rsquo;ajout d&rsquo;effets visuels ou sonores, de transitions, ainsi que l&rsquo;int\u00e9gration de musiques ou de voix off. Ce travail permet de raconter une histoire, de v\u00e9hiculer un message ou de produire un contenu esth\u00e9tique, qu&rsquo;il soit destin\u00e9 \u00e0 des films, des publicit\u00e9s, ou des vid\u00e9os en ligne.<\/p>\t\t\t\t\t\t<\/div>\n\t\t\t\t<\/div>\n\t\t\t\t<\/div>\n\t\t\t\t\t<\/div>\n\t\t\t\t<\/div>\n\t\t<div class=\"elementor-element elementor-element-697b090 e-flex e-con-boxed e-con e-parent\" data-id=\"697b090\" data-element_type=\"container\">\n\t\t\t\t\t<div class=\"e-con-inner\">\n\t\t\t\t<div class=\"elementor-element elementor-element-bdad4dc elementor-align-center elementor-invisible elementor-widget elementor-widget-button\" data-id=\"bdad4dc\" data-element_type=\"widget\" data-settings=\"{&quot;_animation&quot;:&quot;bounceIn&quot;}\" data-widget_type=\"button.default\">\n\t\t\t\t<div class=\"elementor-widget-container\">\n\t\t\t\t\t<div class=\"elementor-button-wrapper\">\n\t\t\t<a class=\"elementor-button elementor-button-link elementor-size-sm\" href=\"https:\/\/nheomarketingdigital.com\/index.php\/a-propos\/\">\n\t\t\t\t\t\t<span class=\"elementor-button-content-wrapper\">\n\t\t\t\t\t\t\t\t\t<span class=\"elementor-button-text\">Voulez vous en savoir plus ?<\/span>\n\t\t\t\t\t<\/span>\n\t\t\t\t\t<\/a>\n\t\t<\/div>\n\t\t\t\t<\/div>\n\t\t\t\t<\/div>\n\t\t\t\t\t<\/div>\n\t\t\t\t<\/div>\n\t\t\t\t<\/div>\n\t\t","protected":false},"excerpt":{"rendered":"<p>Nheo Marketing Digital &#8211; Votre Partenaire en Social Media Management et compagnie Boostez Votre Pr\u00e9sence en Ligne et Transformez Vos [&hellip;]<\/p>\n","protected":false},"author":1,"featured_media":0,"parent":0,"menu_order":0,"comment_status":"closed","ping_status":"closed","template":"","meta":{"site-sidebar-layout":"no-sidebar","site-content-layout":"","ast-site-content-layout":"full-width-container","site-content-style":"default","site-sidebar-style":"default","ast-global-header-display":"","ast-banner-title-visibility":"","ast-main-header-display":"","ast-hfb-above-header-display":"","ast-hfb-below-header-display":"","ast-hfb-mobile-header-display":"","site-post-title":"disabled","ast-breadcrumbs-content":"","ast-featured-img":"disabled","footer-sml-layout":"","theme-transparent-header-meta":"","adv-header-id-meta":"","stick-header-meta":"","header-above-stick-meta":"","header-main-stick-meta":"","header-below-stick-meta":"","astra-migrate-meta-layouts":"default","ast-page-background-enabled":"default","ast-page-background-meta":{"desktop":{"background-color":"var(--ast-global-color-4)","background-image":"","background-repeat":"repeat","background-position":"center center","background-size":"auto","background-attachment":"scroll","background-type":"","background-media":"","overlay-type":"","overlay-color":"","overlay-opacity":"","overlay-gradient":""},"tablet":{"background-color":"","background-image":"","background-repeat":"repeat","background-position":"center center","background-size":"auto","background-attachment":"scroll","background-type":"","background-media":"","overlay-type":"","overlay-color":"","overlay-opacity":"","overlay-gradient":""},"mobile":{"background-color":"","background-image":"","background-repeat":"repeat","background-position":"center center","background-size":"auto","background-attachment":"scroll","background-type":"","background-media":"","overlay-type":"","overlay-color":"","overlay-opacity":"","overlay-gradient":""}},"ast-content-background-meta":{"desktop":{"background-color":"var(--ast-global-color-5)","background-image":"","background-repeat":"repeat","background-position":"center center","background-size":"auto","background-attachment":"scroll","background-type":"","background-media":"","overlay-type":"","overlay-color":"","overlay-opacity":"","overlay-gradient":""},"tablet":{"background-color":"var(--ast-global-color-5)","background-image":"","background-repeat":"repeat","background-position":"center center","background-size":"auto","background-attachment":"scroll","background-type":"","background-media":"","overlay-type":"","overlay-color":"","overlay-opacity":"","overlay-gradient":""},"mobile":{"background-color":"var(--ast-global-color-5)","background-image":"","background-repeat":"repeat","background-position":"center center","background-size":"auto","background-attachment":"scroll","background-type":"","background-media":"","overlay-type":"","overlay-color":"","overlay-opacity":"","overlay-gradient":""}},"footnotes":""},"class_list":["post-10","page","type-page","status-publish","hentry"],"_links":{"self":[{"href":"https:\/\/nheomarketingdigital.com\/index.php\/wp-json\/wp\/v2\/pages\/10","targetHints":{"allow":["GET"]}}],"collection":[{"href":"https:\/\/nheomarketingdigital.com\/index.php\/wp-json\/wp\/v2\/pages"}],"about":[{"href":"https:\/\/nheomarketingdigital.com\/index.php\/wp-json\/wp\/v2\/types\/page"}],"author":[{"embeddable":true,"href":"https:\/\/nheomarketingdigital.com\/index.php\/wp-json\/wp\/v2\/users\/1"}],"replies":[{"embeddable":true,"href":"https:\/\/nheomarketingdigital.com\/index.php\/wp-json\/wp\/v2\/comments?post=10"}],"version-history":[{"count":106,"href":"https:\/\/nheomarketingdigital.com\/index.php\/wp-json\/wp\/v2\/pages\/10\/revisions"}],"predecessor-version":[{"id":352,"href":"https:\/\/nheomarketingdigital.com\/index.php\/wp-json\/wp\/v2\/pages\/10\/revisions\/352"}],"wp:attachment":[{"href":"https:\/\/nheomarketingdigital.com\/index.php\/wp-json\/wp\/v2\/media?parent=10"}],"curies":[{"name":"wp","href":"https:\/\/api.w.org\/{rel}","templated":true}]}}