{"id":13,"date":"2024-08-12T13:19:51","date_gmt":"2024-08-12T11:19:51","guid":{"rendered":"https:\/\/nheomarketingdigital.com\/?page_id=13"},"modified":"2024-09-19T16:51:05","modified_gmt":"2024-09-19T14:51:05","slug":"a-propos","status":"publish","type":"page","link":"https:\/\/nheomarketingdigital.com\/index.php\/a-propos\/","title":{"rendered":"\u00e0 propos"},"content":{"rendered":"\t\t<div data-elementor-type=\"wp-page\" data-elementor-id=\"13\" class=\"elementor elementor-13\" data-elementor-post-type=\"page\">\n\t\t\t\t<div class=\"elementor-element elementor-element-50632b1 e-flex e-con-boxed e-con e-parent\" data-id=\"50632b1\" data-element_type=\"container\">\n\t\t\t\t\t<div class=\"e-con-inner\">\n\t\t<div class=\"elementor-element elementor-element-13e193a e-con-full e-flex e-con e-child\" data-id=\"13e193a\" data-element_type=\"container\">\n\t\t\t\t<div class=\"elementor-element elementor-element-b59238e elementor-widget elementor-widget-heading\" data-id=\"b59238e\" data-element_type=\"widget\" data-widget_type=\"heading.default\">\n\t\t\t\t<div class=\"elementor-widget-container\">\n\t\t\t<h2 class=\"elementor-heading-title elementor-size-default\">Social Media Managemente <\/h2>\t\t<\/div>\n\t\t\t\t<\/div>\n\t\t\t\t<div class=\"elementor-element elementor-element-d943c55 elementor-widget elementor-widget-text-editor\" data-id=\"d943c55\" data-element_type=\"widget\" data-widget_type=\"text-editor.default\">\n\t\t\t\t<div class=\"elementor-widget-container\">\n\t\t\t\t\t\t\t<p>Le <strong>Social Media Management<\/strong> est l&rsquo;art de g\u00e9rer efficacement vos r\u00e9seaux sociaux pour d\u00e9velopper votre pr\u00e9sence en ligne, interagir avec votre audience et augmenter votre notori\u00e9t\u00e9. Pour les entrepreneurs et freelances, externaliser cette gestion \u00e0 une entreprise sp\u00e9cialis\u00e9e permet de se concentrer sur leur c\u0153ur de m\u00e9tier tout en s&rsquo;assurant d&rsquo;une visibilit\u00e9 continue et professionnelle sur les plateformes sociales.<\/p>\t\t\t\t\t\t<\/div>\n\t\t\t\t<\/div>\n\t\t\t\t<\/div>\n\t\t<div class=\"elementor-element elementor-element-d39ef72 e-con-full e-flex e-con e-child\" data-id=\"d39ef72\" data-element_type=\"container\">\n\t\t\t\t<div class=\"elementor-element elementor-element-0a1391a elementor-widget elementor-widget-image\" data-id=\"0a1391a\" data-element_type=\"widget\" data-widget_type=\"image.default\">\n\t\t\t\t<div class=\"elementor-widget-container\">\n\t\t\t\t\t\t\t\t\t\t\t\t\t<img fetchpriority=\"high\" decoding=\"async\" width=\"600\" height=\"370\" src=\"https:\/\/nheomarketingdigital.com\/wp-content\/uploads\/2024\/08\/My-img8bit-com-Effect-3.gif\" class=\"attachment-large size-large wp-image-161\" alt=\"\" \/>\t\t\t\t\t\t\t\t\t\t\t\t\t<\/div>\n\t\t\t\t<\/div>\n\t\t\t\t<\/div>\n\t\t\t\t\t<\/div>\n\t\t\t\t<\/div>\n\t\t<div class=\"elementor-element elementor-element-9a07836 e-flex e-con-boxed e-con e-parent\" data-id=\"9a07836\" data-element_type=\"container\">\n\t\t\t\t\t<div class=\"e-con-inner\">\n\t\t<div class=\"elementor-element elementor-element-2a8b347 e-con-full e-flex e-con e-child\" data-id=\"2a8b347\" data-element_type=\"container\">\n\t\t\t\t<div class=\"elementor-element elementor-element-3804af7 elementor-widget elementor-widget-image\" data-id=\"3804af7\" data-element_type=\"widget\" data-widget_type=\"image.default\">\n\t\t\t\t<div class=\"elementor-widget-container\">\n\t\t\t\t\t\t\t\t\t\t\t\t\t<img decoding=\"async\" width=\"2048\" height=\"2048\" src=\"https:\/\/nheomarketingdigital.com\/wp-content\/uploads\/2024\/08\/logo-insta-modifier-2048x2048.jpg\" class=\"attachment-2048x2048 size-2048x2048 wp-image-169\" alt=\"\" srcset=\"https:\/\/nheomarketingdigital.com\/wp-content\/uploads\/2024\/08\/logo-insta-modifier-2048x2048.jpg 2048w, https:\/\/nheomarketingdigital.com\/wp-content\/uploads\/2024\/08\/logo-insta-modifier-300x300.jpg 300w, https:\/\/nheomarketingdigital.com\/wp-content\/uploads\/2024\/08\/logo-insta-modifier-1024x1024.jpg 1024w, https:\/\/nheomarketingdigital.com\/wp-content\/uploads\/2024\/08\/logo-insta-modifier-150x150.jpg 150w, https:\/\/nheomarketingdigital.com\/wp-content\/uploads\/2024\/08\/logo-insta-modifier-768x768.jpg 768w, https:\/\/nheomarketingdigital.com\/wp-content\/uploads\/2024\/08\/logo-insta-modifier-1536x1536.jpg 1536w\" sizes=\"(max-width: 2048px) 100vw, 2048px\" \/>\t\t\t\t\t\t\t\t\t\t\t\t\t<\/div>\n\t\t\t\t<\/div>\n\t\t\t\t<\/div>\n\t\t<div class=\"elementor-element elementor-element-16e6474 e-con-full e-flex e-con e-child\" data-id=\"16e6474\" data-element_type=\"container\">\n\t\t\t\t<div class=\"elementor-element elementor-element-b1f117a elementor-widget elementor-widget-heading\" data-id=\"b1f117a\" data-element_type=\"widget\" data-widget_type=\"heading.default\">\n\t\t\t\t<div class=\"elementor-widget-container\">\n\t\t\t<h2 class=\"elementor-heading-title elementor-size-default\"> Gestion des R\u00e9seaux Sociaux<\/h2>\t\t<\/div>\n\t\t\t\t<\/div>\n\t\t\t\t<div class=\"elementor-element elementor-element-55b2acd elementor-widget elementor-widget-text-editor\" data-id=\"55b2acd\" data-element_type=\"widget\" data-widget_type=\"text-editor.default\">\n\t\t\t\t<div class=\"elementor-widget-container\">\n\t\t\t\t\t\t\t<p>La <strong>gestion des r\u00e9seaux sociaux<\/strong> englobe toutes les activit\u00e9s li\u00e9es \u00e0 la cr\u00e9ation, publication et analyse de contenu sur les diff\u00e9rentes plateformes comme Facebook, Instagram, LinkedIn, et Twitter. Pour les entreprises et freelances, une gestion strat\u00e9gique des r\u00e9seaux sociaux est essentielle pour \u00e9tablir des relations solides avec les clients, attirer de nouveaux prospects et renforcer leur image de marque.<\/p>\t\t\t\t\t\t<\/div>\n\t\t\t\t<\/div>\n\t\t\t\t<\/div>\n\t\t\t\t\t<\/div>\n\t\t\t\t<\/div>\n\t\t<div class=\"elementor-element elementor-element-ffacb3d e-flex e-con-boxed e-con e-parent\" data-id=\"ffacb3d\" data-element_type=\"container\">\n\t\t\t\t\t<div class=\"e-con-inner\">\n\t\t<div class=\"elementor-element elementor-element-8d06261 e-con-full e-flex e-con e-child\" data-id=\"8d06261\" data-element_type=\"container\">\n\t\t\t\t<div class=\"elementor-element elementor-element-5d6dda8 elementor-widget elementor-widget-heading\" data-id=\"5d6dda8\" data-element_type=\"widget\" data-widget_type=\"heading.default\">\n\t\t\t\t<div class=\"elementor-widget-container\">\n\t\t\t<h2 class=\"elementor-heading-title elementor-size-default\">Gestion R\u00e9seaux Sociaux pour Entrepreneurs<\/h2>\t\t<\/div>\n\t\t\t\t<\/div>\n\t\t\t\t<div class=\"elementor-element elementor-element-e6bed6a elementor-invisible elementor-widget elementor-widget-text-editor\" data-id=\"e6bed6a\" data-element_type=\"widget\" data-settings=\"{&quot;_animation&quot;:&quot;slideInLeft&quot;}\" data-widget_type=\"text-editor.default\">\n\t\t\t\t<div class=\"elementor-widget-container\">\n\t\t\t\t\t\t\t<p><strong>L&rsquo;Importance Cruciale de la Gestion des R\u00e9seaux Sociaux pour les Entrepreneurs<\/strong><\/p><p>Dans un monde de plus en plus connect\u00e9, la gestion efficace des r\u00e9seaux sociaux n&rsquo;est plus un luxe, mais une n\u00e9cessit\u00e9 pour les entrepreneurs et les petites entreprises. Votre pr\u00e9sence en ligne est souvent le premier contact qu&rsquo;ont vos clients potentiels avec votre marque. Une gestion strat\u00e9gique des r\u00e9seaux sociaux permet non seulement de maximiser votre visibilit\u00e9, mais aussi de cr\u00e9er une image professionnelle et coh\u00e9rente qui attire et fid\u00e9lise vos clients.<\/p><p>Voici pourquoi c&rsquo;est essentiel :<\/p><ul><li><strong>Visibilit\u00e9 accrue<\/strong> : Dans un march\u00e9 satur\u00e9, se d\u00e9marquer est crucial. Une gestion soign\u00e9e de vos r\u00e9seaux sociaux vous place en t\u00eate de liste, m\u00eame avec des ressources limit\u00e9es.<\/li><li><strong>Engagement authentique<\/strong> : Les r\u00e9seaux sociaux sont le lieu o\u00f9 vous pouvez \u00e9tablir des connexions authentiques avec votre audience, transformant les simples visiteurs en clients fid\u00e8les.<\/li><li><strong>Adaptabilit\u00e9 et r\u00e9activit\u00e9<\/strong> : En analysant r\u00e9guli\u00e8rement les performances, vous pouvez ajuster vos strat\u00e9gies en temps r\u00e9el, ce qui vous permet de rester agile face aux changements du march\u00e9.<\/li><\/ul><p>Ne sous-estimez pas l&rsquo;impact que les r\u00e9seaux sociaux peuvent avoir sur la croissance de votre entreprise. En les g\u00e9rant de mani\u00e8re professionnelle, vous mettez toutes les chances de votre c\u00f4t\u00e9 pour r\u00e9ussir dans un environnement num\u00e9rique comp\u00e9titif.<\/p>\t\t\t\t\t\t<\/div>\n\t\t\t\t<\/div>\n\t\t\t\t<\/div>\n\t\t<div class=\"elementor-element elementor-element-9348adc e-con-full e-flex e-con e-child\" data-id=\"9348adc\" data-element_type=\"container\">\n\t\t\t\t<div class=\"elementor-element elementor-element-bda8a80 elementor-widget elementor-widget-heading\" data-id=\"bda8a80\" data-element_type=\"widget\" data-widget_type=\"heading.default\">\n\t\t\t\t<div class=\"elementor-widget-container\">\n\t\t\t<h2 class=\"elementor-heading-title elementor-size-default\">Marketing Digital pour Freelances<\/h2>\t\t<\/div>\n\t\t\t\t<\/div>\n\t\t\t\t<div class=\"elementor-element elementor-element-a2191ec elementor-invisible elementor-widget elementor-widget-text-editor\" data-id=\"a2191ec\" data-element_type=\"widget\" data-settings=\"{&quot;_animation&quot;:&quot;slideInRight&quot;}\" data-widget_type=\"text-editor.default\">\n\t\t\t\t<div class=\"elementor-widget-container\">\n\t\t\t\t\t\t\t<p><strong>L&rsquo;Importance Vitale du Marketing Digital pour les Freelances<\/strong><\/p><p>Dans un march\u00e9 de plus en plus comp\u00e9titif, le <strong>marketing digital<\/strong> est essentiel pour les freelances qui cherchent \u00e0 se d\u00e9marquer et \u00e0 d\u00e9velopper leur activit\u00e9. Votre pr\u00e9sence en ligne n&rsquo;est pas seulement votre vitrine, mais aussi votre principal outil pour attirer et fid\u00e9liser des clients. Une strat\u00e9gie de marketing digital bien pens\u00e9e vous permet de maximiser votre impact, m\u00eame avec des ressources limit\u00e9es.<\/p><p>Voici pourquoi c&rsquo;est crucial :<\/p><ul><li><strong>Visibilit\u00e9 et notori\u00e9t\u00e9<\/strong> : En tant que freelance, \u00eatre visible en ligne est primordial. Le marketing digital vous aide \u00e0 atteindre un large public, \u00e0 vous positionner comme expert dans votre domaine, et \u00e0 attirer de nouveaux clients.<\/li><li><strong>Engagement client<\/strong> : Gr\u00e2ce \u00e0 des outils comme les r\u00e9seaux sociaux, le SEO et l&#8217;email marketing, vous pouvez cr\u00e9er des relations solides et durables avec vos clients, augmentant ainsi vos chances de fid\u00e9lisation et de recommandation.<\/li><li><strong>Flexibilit\u00e9 et adaptabilit\u00e9<\/strong> : Le marketing digital vous permet de tester, analyser, et ajuster vos strat\u00e9gies en temps r\u00e9el, vous assurant ainsi de rester pertinent et comp\u00e9titif sur un march\u00e9 en constante \u00e9volution.<\/li><\/ul><p>Le marketing digital n&rsquo;est pas une option pour les freelances, c&rsquo;est une n\u00e9cessit\u00e9. En l&rsquo;int\u00e9grant pleinement \u00e0 votre activit\u00e9, vous mettez en place les bases solides pour r\u00e9ussir et cro\u00eetre dans l&rsquo;\u00e9conomie num\u00e9rique d&rsquo;aujourd&rsquo;hui.<\/p>\t\t\t\t\t\t<\/div>\n\t\t\t\t<\/div>\n\t\t\t\t<\/div>\n\t\t\t\t\t<\/div>\n\t\t\t\t<\/div>\n\t\t<div class=\"elementor-element elementor-element-e3d6f2c e-flex e-con-boxed e-con e-parent\" data-id=\"e3d6f2c\" data-element_type=\"container\">\n\t\t\t\t\t<div class=\"e-con-inner\">\n\t\t\t\t<div class=\"elementor-element elementor-element-6cb76b6 elementor-widget elementor-widget-heading\" data-id=\"6cb76b6\" data-element_type=\"widget\" data-widget_type=\"heading.default\">\n\t\t\t\t<div class=\"elementor-widget-container\">\n\t\t\t<h2 class=\"elementor-heading-title elementor-size-default\"> Devis social media management<\/h2>\t\t<\/div>\n\t\t\t\t<\/div>\n\t\t\t\t<div class=\"elementor-element elementor-element-b3d32fc elementor-align-center elementor-widget elementor-widget-button\" data-id=\"b3d32fc\" data-element_type=\"widget\" data-widget_type=\"button.default\">\n\t\t\t\t<div class=\"elementor-widget-container\">\n\t\t\t\t\t<div class=\"elementor-button-wrapper\">\n\t\t\t<a class=\"elementor-button elementor-button-link elementor-size-sm\" href=\"https:\/\/nheomarketingdigital.com\/index.php\/social-media-management-devis\/\">\n\t\t\t\t\t\t<span class=\"elementor-button-content-wrapper\">\n\t\t\t\t\t\t\t\t\t<span class=\"elementor-button-text\">Cliquez ici<\/span>\n\t\t\t\t\t<\/span>\n\t\t\t\t\t<\/a>\n\t\t<\/div>\n\t\t\t\t<\/div>\n\t\t\t\t<\/div>\n\t\t\t\t\t<\/div>\n\t\t\t\t<\/div>\n\t\t\t\t<\/div>\n\t\t","protected":false},"excerpt":{"rendered":"<p>Social Media Managemente Le Social Media Management est l&rsquo;art de g\u00e9rer efficacement vos r\u00e9seaux sociaux pour d\u00e9velopper votre pr\u00e9sence en [&hellip;]<\/p>\n","protected":false},"author":1,"featured_media":0,"parent":0,"menu_order":0,"comment_status":"closed","ping_status":"closed","template":"","meta":{"site-sidebar-layout":"no-sidebar","site-content-layout":"","ast-site-content-layout":"full-width-container","site-content-style":"default","site-sidebar-style":"default","ast-global-header-display":"","ast-banner-title-visibility":"","ast-main-header-display":"","ast-hfb-above-header-display":"","ast-hfb-below-header-display":"","ast-hfb-mobile-header-display":"","site-post-title":"disabled","ast-breadcrumbs-content":"","ast-featured-img":"disabled","footer-sml-layout":"","theme-transparent-header-meta":"","adv-header-id-meta":"","stick-header-meta":"","header-above-stick-meta":"","header-main-stick-meta":"","header-below-stick-meta":"","astra-migrate-meta-layouts":"default","ast-page-background-enabled":"default","ast-page-background-meta":{"desktop":{"background-color":"var(--ast-global-color-4)","background-image":"","background-repeat":"repeat","background-position":"center center","background-size":"auto","background-attachment":"scroll","background-type":"","background-media":"","overlay-type":"","overlay-color":"","overlay-opacity":"","overlay-gradient":""},"tablet":{"background-color":"","background-image":"","background-repeat":"repeat","background-position":"center center","background-size":"auto","background-attachment":"scroll","background-type":"","background-media":"","overlay-type":"","overlay-color":"","overlay-opacity":"","overlay-gradient":""},"mobile":{"background-color":"","background-image":"","background-repeat":"repeat","background-position":"center center","background-size":"auto","background-attachment":"scroll","background-type":"","background-media":"","overlay-type":"","overlay-color":"","overlay-opacity":"","overlay-gradient":""}},"ast-content-background-meta":{"desktop":{"background-color":"var(--ast-global-color-5)","background-image":"","background-repeat":"repeat","background-position":"center center","background-size":"auto","background-attachment":"scroll","background-type":"","background-media":"","overlay-type":"","overlay-color":"","overlay-opacity":"","overlay-gradient":""},"tablet":{"background-color":"var(--ast-global-color-5)","background-image":"","background-repeat":"repeat","background-position":"center center","background-size":"auto","background-attachment":"scroll","background-type":"","background-media":"","overlay-type":"","overlay-color":"","overlay-opacity":"","overlay-gradient":""},"mobile":{"background-color":"var(--ast-global-color-5)","background-image":"","background-repeat":"repeat","background-position":"center center","background-size":"auto","background-attachment":"scroll","background-type":"","background-media":"","overlay-type":"","overlay-color":"","overlay-opacity":"","overlay-gradient":""}},"footnotes":""},"class_list":["post-13","page","type-page","status-publish","hentry"],"_links":{"self":[{"href":"https:\/\/nheomarketingdigital.com\/index.php\/wp-json\/wp\/v2\/pages\/13","targetHints":{"allow":["GET"]}}],"collection":[{"href":"https:\/\/nheomarketingdigital.com\/index.php\/wp-json\/wp\/v2\/pages"}],"about":[{"href":"https:\/\/nheomarketingdigital.com\/index.php\/wp-json\/wp\/v2\/types\/page"}],"author":[{"embeddable":true,"href":"https:\/\/nheomarketingdigital.com\/index.php\/wp-json\/wp\/v2\/users\/1"}],"replies":[{"embeddable":true,"href":"https:\/\/nheomarketingdigital.com\/index.php\/wp-json\/wp\/v2\/comments?post=13"}],"version-history":[{"count":19,"href":"https:\/\/nheomarketingdigital.com\/index.php\/wp-json\/wp\/v2\/pages\/13\/revisions"}],"predecessor-version":[{"id":358,"href":"https:\/\/nheomarketingdigital.com\/index.php\/wp-json\/wp\/v2\/pages\/13\/revisions\/358"}],"wp:attachment":[{"href":"https:\/\/nheomarketingdigital.com\/index.php\/wp-json\/wp\/v2\/media?parent=13"}],"curies":[{"name":"wp","href":"https:\/\/api.w.org\/{rel}","templated":true}]}}